{"id":41,"date":"2022-05-17T11:59:15","date_gmt":"2022-05-17T11:59:15","guid":{"rendered":"https:\/\/weck-edv.eu\/?page_id=41"},"modified":"2022-05-17T11:59:15","modified_gmt":"2022-05-17T11:59:15","slug":"forstwirtschaft","status":"publish","type":"page","link":"https:\/\/weck-edv.eu\/?page_id=41","title":{"rendered":"Forstwirtschaft"},"content":{"rendered":"\n<p>&#8211; Baumbestandsanalysen mit Hilfe einer Drohne<\/p>\n\n\n\n<p>&#8211; Windbruch<\/p>\n\n\n\n<p>&#8211; Full HD-Aufnahmen f\u00fcr nachtr\u00e4glichen Zoom am PC geeignet<\/p>\n\n\n\n<p>Durch die Betrachtung der W\u00e4lder aus der Luft, k\u00f6nnen Sie den Baumbestand aktiv kontrollieren. Der Einsatz von Drohnen dient der kosteng\u00fcnstigen Bestands- und Schadensanalyse.<\/p>\n\n\n\n<p>Die Technik bietet eine kosteng\u00fcnstige M\u00f6glichkeit der Bestands\u00fcberwachung.<\/p>\n","protected":false},"excerpt":{"rendered":"<p>&#8211; Baumbestandsanalysen mit Hilfe einer Drohne &#8211; Windbruch &#8211; Full HD-Aufnahmen f\u00fcr nachtr\u00e4glichen Zoom am&#8230;<\/p>\n","protected":false},"author":1,"featured_media":0,"parent":0,"menu_order":0,"comment_status":"closed","ping_status":"closed","template":"","meta":{"footnotes":""},"class_list":["post-41","page","type-page","status-publish","hentry"],"_links":{"self":[{"href":"https:\/\/weck-edv.eu\/index.php?rest_route=\/wp\/v2\/pages\/41","targetHints":{"allow":["GET"]}}],"collection":[{"href":"https:\/\/weck-edv.eu\/index.php?rest_route=\/wp\/v2\/pages"}],"about":[{"href":"https:\/\/weck-edv.eu\/index.php?rest_route=\/wp\/v2\/types\/page"}],"author":[{"embeddable":true,"href":"https:\/\/weck-edv.eu\/index.php?rest_route=\/wp\/v2\/users\/1"}],"replies":[{"embeddable":true,"href":"https:\/\/weck-edv.eu\/index.php?rest_route=%2Fwp%2Fv2%2Fcomments&post=41"}],"version-history":[{"count":1,"href":"https:\/\/weck-edv.eu\/index.php?rest_route=\/wp\/v2\/pages\/41\/revisions"}],"predecessor-version":[{"id":42,"href":"https:\/\/weck-edv.eu\/index.php?rest_route=\/wp\/v2\/pages\/41\/revisions\/42"}],"wp:attachment":[{"href":"https:\/\/weck-edv.eu\/index.php?rest_route=%2Fwp%2Fv2%2Fmedia&parent=41"}],"curies":[{"name":"wp","href":"https:\/\/api.w.org\/{rel}","templated":true}]}}