{"id":44,"date":"2022-05-17T12:17:06","date_gmt":"2022-05-17T12:17:06","guid":{"rendered":"https:\/\/weck-edv.eu\/?page_id=44"},"modified":"2022-05-17T13:22:58","modified_gmt":"2022-05-17T13:22:58","slug":"solaranlagen","status":"publish","type":"page","link":"https:\/\/weck-edv.eu\/?page_id=44","title":{"rendered":"Solaranlagen"},"content":{"rendered":"\n<p>&#8211; Lokalisierung von M\u00e4ngeln, fr\u00fchzeitig und kosteng\u00fcnstig<\/p>\n\n\n\n<p>&#8211; Einfache und effiziente Inspektion mit W\u00e4rmebildkamera<\/p>\n\n\n\n<p>&#8211; Effizientere Ertragsleistung<\/p>\n\n\n\n<p>&#8211; Erkennung von Rissen im Modul, eingedrungene Feuchtigkeit, fehlerhafte Verkabelung, Alterung oder einer andauernden Belastung<\/p>\n\n\n\n<p>&#8211; Defekte Zellen, fehlerhafte Isolierungen oder defekte Substrings wirken sich negativ auf den Stromertrag Ihrer PV Anlage aus.<\/p>\n\n\n\n<figure class=\"wp-block-image size-medium\"><img loading=\"lazy\" decoding=\"async\" width=\"300\" height=\"240\" src=\"https:\/\/weck-edv.eu\/wp-content\/uploads\/2022\/05\/org_7a3cb76430b883c8_1650539140000-300x240.jpg\" alt=\"\" class=\"wp-image-67\" srcset=\"https:\/\/weck-edv.eu\/wp-content\/uploads\/2022\/05\/org_7a3cb76430b883c8_1650539140000-300x240.jpg 300w, https:\/\/weck-edv.eu\/wp-content\/uploads\/2022\/05\/org_7a3cb76430b883c8_1650539140000.jpg 640w\" sizes=\"auto, (max-width: 300px) 100vw, 300px\" \/><figcaption>Solaranlagenkontrolle<\/figcaption><\/figure>\n\n\n\n<p>Die defekten Module erzeugen keinen Strom, sondern sie verbrauchen ihn. Diese Fehlleistung l\u00e4sst sich optisch jedoch nicht feststellen, da diese nur durch den Einsatz von Drohnen mit W\u00e4rmebildkameras messbar ist. Mit dieser Inspektions-Technik k\u00f6nnen Fehler und Defekte innerhalb der Struktur (Zellebene) sicher detektiert und sichtbar gemachen werden<\/p>\n\n\n\n<h2 class=\"wp-block-heading\">Auswertung der Ergebnisse<\/h2>\n\n\n\n<figure class=\"wp-block-image size-large\"><img loading=\"lazy\" decoding=\"async\" width=\"886\" height=\"1024\" src=\"https:\/\/weck-edv.eu\/wp-content\/uploads\/2022\/05\/Solar-886x1024.jpg\" alt=\"\" class=\"wp-image-64\" srcset=\"https:\/\/weck-edv.eu\/wp-content\/uploads\/2022\/05\/Solar-886x1024.jpg 886w, https:\/\/weck-edv.eu\/wp-content\/uploads\/2022\/05\/Solar-260x300.jpg 260w, https:\/\/weck-edv.eu\/wp-content\/uploads\/2022\/05\/Solar-768x888.jpg 768w, https:\/\/weck-edv.eu\/wp-content\/uploads\/2022\/05\/Solar-1024x1183.jpg 1024w, https:\/\/weck-edv.eu\/wp-content\/uploads\/2022\/05\/Solar.jpg 1259w\" sizes=\"auto, (max-width: 886px) 100vw, 886px\" \/><\/figure>\n","protected":false},"excerpt":{"rendered":"<p>&#8211; Lokalisierung von M\u00e4ngeln, fr\u00fchzeitig und kosteng\u00fcnstig &#8211; Einfache und effiziente Inspektion mit W\u00e4rmebildkamera &#8211;&#8230;<\/p>\n","protected":false},"author":1,"featured_media":0,"parent":0,"menu_order":0,"comment_status":"closed","ping_status":"closed","template":"","meta":{"footnotes":""},"class_list":["post-44","page","type-page","status-publish","hentry"],"_links":{"self":[{"href":"https:\/\/weck-edv.eu\/index.php?rest_route=\/wp\/v2\/pages\/44","targetHints":{"allow":["GET"]}}],"collection":[{"href":"https:\/\/weck-edv.eu\/index.php?rest_route=\/wp\/v2\/pages"}],"about":[{"href":"https:\/\/weck-edv.eu\/index.php?rest_route=\/wp\/v2\/types\/page"}],"author":[{"embeddable":true,"href":"https:\/\/weck-edv.eu\/index.php?rest_route=\/wp\/v2\/users\/1"}],"replies":[{"embeddable":true,"href":"https:\/\/weck-edv.eu\/index.php?rest_route=%2Fwp%2Fv2%2Fcomments&post=44"}],"version-history":[{"count":2,"href":"https:\/\/weck-edv.eu\/index.php?rest_route=\/wp\/v2\/pages\/44\/revisions"}],"predecessor-version":[{"id":68,"href":"https:\/\/weck-edv.eu\/index.php?rest_route=\/wp\/v2\/pages\/44\/revisions\/68"}],"wp:attachment":[{"href":"https:\/\/weck-edv.eu\/index.php?rest_route=%2Fwp%2Fv2%2Fmedia&parent=44"}],"curies":[{"name":"wp","href":"https:\/\/api.w.org\/{rel}","templated":true}]}}